{"id":2,"date":"2024-08-22T09:08:06","date_gmt":"2024-08-22T07:08:06","guid":{"rendered":"http:\/\/lucie-novakova.cz\/?page_id=2"},"modified":"2025-05-18T05:50:09","modified_gmt":"2025-05-18T03:50:09","slug":"sluzby","status":"publish","type":"page","link":"https:\/\/lucie-novakova.cz\/?page_id=2","title":{"rendered":"Slu\u017eby"},"content":{"rendered":"\n<h3 class=\"wp-block-heading\"><strong>Vyd\u00e1n\u00ed knihy<\/strong><\/h3>\n\n\n\n<p>Je va\u0161\u00edm snem vydat knihu? Nev\u00edte, jak se do toho pustit? Boj\u00edte se, \u017ee kniha nebude \u00fasp\u011b\u0161n\u00e1? Vydala jsem 2 \u00fasp\u011b\u0161n\u00e9 kni\u017en\u00ed kucha\u0159ky a dal\u0161\u00ed online kucha\u0159ky. Provedu v\u00e1s cel\u00fdm procesem tvorby, nasd\u00edl\u00edm sv\u00e9 zku\u0161enosti, tipy i cenn\u00e9 kontakty. P\u0159iprav\u00edm p\u0159esn\u00fd pl\u00e1n pro va\u0161i knihu, aby byla co nejlep\u0161\u00ed po obsahov\u00e9 i vizu\u00e1ln\u00ed str\u00e1nce a aby se prod\u00e1vala.<\/p>\n\n\n\n<h3 class=\"wp-block-heading\"><strong>Kampan\u011b&nbsp;<\/strong><\/h3>\n\n\n\n<p>Zapamatovatelnost, odli\u0161itelnost, jedine\u010dnost. P\u0159esn\u011b to v dne\u0161n\u00edm sv\u011bt\u011b nekone\u010dn\u011b mnoha informac\u00ed pot\u0159ebujete, abyste vynikli mezi ostatn\u00edmi. Vymysl\u00edm, nato\u010d\u00edm, nafot\u00edm, nap\u00ed\u0161u i namluv\u00edm pro v\u00e1s kampa\u0148 a propagaci produktu, kter\u00e1 bude m\u00edt p\u0159esah. <\/p>\n\n\n\n<p>R\u00e1da se v\u011bnuju t\u00e9mat\u016fm zdrav\u00e9 stravy, rodinn\u00e9ho stravov\u00e1n\u00ed a rozpo\u010dtu, pl\u00fdtv\u00e1n\u00ed, udr\u017eitelnosti, vegetari\u00e1nstv\u00ed, popularici lu\u0161t\u011bnin a oby\u010dejn\u00fdch surovin.<\/p>\n\n\n\n<h3 class=\"wp-block-heading\"><strong>\u010cl\u00e1nky, blog a newslettery<\/strong><\/h3>\n\n\n\n<p>N\u011bkolik let p\u00ed\u0161u vlastn\u00ed <a href=\"http:\/\/www.buchtavtroube.cz\" target=\"_blank\" rel=\"noreferrer noopener\">food a lifestylov\u00fd blog<\/a>. \u0158adu let jsem psala \u010dl\u00e1nky o prezentac\u00edch na blog <a href=\"http:\/\/odprezentuj.cz\">odprezentuj.cz<\/a>. P\u0159es rok jsem zodpov\u011bdn\u00e1 za tvorbu redak\u010dn\u00edho pl\u00e1nu, psan\u00ed \u010dl\u00e1nk\u016f i realizaci doprovodn\u00fdch fotografi\u00ed pro <a href=\"http:\/\/www.rikakdo.cz\">online magaz\u00edn \u0158\u00edk\u00e1 kdo<\/a>. Ka\u017ed\u00fd m\u011bs\u00edc pos\u00edl\u00e1m newsletter s recepty a tipy do kuchyn\u011b. M\u016f\u017eu vytv\u00e1\u0159et jedine\u010dn\u00fd obsah i pro v\u00e1s.&nbsp;<\/p>\n\n\n\n<h3 class=\"wp-block-heading\"><strong>Instagram<\/strong><\/h3>\n\n\n\n<p>Propojme se na Instagramu, kde m\u00e1m p\u0159es 60 000 sleduj\u00edc\u00edch. R\u00e1da se v\u011bnuju t\u00e9mat\u016fm zdrav\u00e9 stravy, vegetari\u00e1nstv\u00ed, pl\u00fdtv\u00e1n\u00ed a \u010d\u00e1ste\u010dn\u011b i slow fashion a mate\u0159stv\u00ed. Poj\u010fme ud\u011blat skv\u011blou spolupr\u00e1ci.<\/p>\n\n\n\n<h3 class=\"wp-block-heading\"><strong>Food a produktov\u00e9 fotografie<\/strong><\/h3>\n\n\n\n<p>Nechcete jen oby\u010dejn\u00e9 nudn\u00e9 fotky produkt\u016f nebo j\u00eddla? Nafotila jsem 2 kni\u017en\u00ed kucha\u0159ky i n\u011bkolik online kucha\u0159ek. Do ka\u017ed\u00e9 fotografie j\u00eddla se sna\u017e\u00edm p\u0159en\u00e9st emoce, p\u0159\u00edb\u011bh i chu\u0165 se do j\u00eddla okam\u017eit\u011b zakousnout. Zakomponuju i v\u00e1\u0161 produkt do fotografie t\u00edm nejchutn\u011bj\u0161\u00edm zp\u016fsobem.&nbsp;<\/p>\n\n\n\n<h3 class=\"wp-block-heading\"><strong>Konzultace a mentoring<\/strong><\/h3>\n\n\n\n<p>Pom\u00e1h\u00e1m \u017een\u00e1m, kter\u00e9 se rozhodnout vz\u00edt budoucnost do vlastn\u00edch rukou. Chcete probrat se mnou probrat sv\u016fj n\u00e1pad, projekt, podnikatelsk\u00fd z\u00e1jem? Jsem jedno velk\u00e9 ucho.<\/p>\n\n\n\n<hr class=\"wp-block-separator has-alpha-channel-opacity\"\/>\n\n\n\n<p><em>Dlouhodob\u011b spolupracuju s klienty Mixit, AGRO-EL, Menu Gold, Sophistic by Veronika. <\/em><\/p>\n","protected":false},"excerpt":{"rendered":"<p>Vyd\u00e1n\u00ed knihy Je va\u0161\u00edm snem vydat knihu? Nev\u00edte, jak se do toho pustit? Boj\u00edte se, \u017ee kniha nebude \u00fasp\u011b\u0161n\u00e1? Vydala jsem 2 \u00fasp\u011b\u0161n\u00e9 kni\u017en\u00ed kucha\u0159ky a dal\u0161\u00ed online kucha\u0159ky. Provedu v\u00e1s cel\u00fdm procesem tvorby, nasd\u00edl\u00edm sv\u00e9 zku\u0161enosti, tipy i cenn\u00e9 kontakty. P\u0159iprav\u00edm p\u0159esn\u00fd pl\u00e1n pro va\u0161i knihu, aby byla co nejlep\u0161\u00ed po obsahov\u00e9 i vizu\u00e1ln\u00ed [&hellip;]<\/p>\n","protected":false},"author":1,"featured_media":0,"parent":0,"menu_order":0,"comment_status":"closed","ping_status":"open","template":"","meta":{"_monsterinsights_skip_tracking":false,"_monsterinsights_sitenote_active":false,"_monsterinsights_sitenote_note":"","_monsterinsights_sitenote_category":0,"_themeisle_gutenberg_block_has_review":false,"footnotes":""},"class_list":["post-2","page","type-page","status-publish","hentry"],"yoast_head":"<!-- This site is optimized with the Yoast SEO plugin v25.1 - https:\/\/yoast.com\/wordpress\/plugins\/seo\/ -->\n<title>Slu\u017eby - Lucie Nov\u00e1kov\u00e1<\/title>\n<meta name=\"robots\" content=\"index, follow, max-snippet:-1, max-image-preview:large, max-video-preview:-1\" \/>\n<link rel=\"canonical\" href=\"https:\/\/lucie-novakova.cz\/?page_id=2\" \/>\n<meta property=\"og:locale\" content=\"cs_CZ\" \/>\n<meta property=\"og:type\" content=\"article\" \/>\n<meta property=\"og:title\" content=\"Slu\u017eby - Lucie Nov\u00e1kov\u00e1\" \/>\n<meta property=\"og:description\" content=\"Vyd\u00e1n\u00ed knihy Je va\u0161\u00edm snem vydat knihu? Nev\u00edte, jak se do toho pustit? Boj\u00edte se, \u017ee kniha nebude \u00fasp\u011b\u0161n\u00e1? Vydala jsem 2 \u00fasp\u011b\u0161n\u00e9 kni\u017en\u00ed kucha\u0159ky a dal\u0161\u00ed online kucha\u0159ky. Provedu v\u00e1s cel\u00fdm procesem tvorby, nasd\u00edl\u00edm sv\u00e9 zku\u0161enosti, tipy i cenn\u00e9 kontakty. P\u0159iprav\u00edm p\u0159esn\u00fd pl\u00e1n pro va\u0161i knihu, aby byla co nejlep\u0161\u00ed po obsahov\u00e9 i vizu\u00e1ln\u00ed [&hellip;]\" \/>\n<meta property=\"og:url\" content=\"https:\/\/lucie-novakova.cz\/?page_id=2\" \/>\n<meta property=\"og:site_name\" content=\"Lucie Nov\u00e1kov\u00e1\" \/>\n<meta property=\"article:modified_time\" content=\"2025-05-18T03:50:09+00:00\" \/>\n<meta name=\"twitter:card\" content=\"summary_large_image\" \/>\n<meta name=\"twitter:label1\" content=\"Odhadovan\u00e1 doba \u010dten\u00ed\" \/>\n\t<meta name=\"twitter:data1\" content=\"2 minuty\" \/>\n<script type=\"application\/ld+json\" class=\"yoast-schema-graph\">{\"@context\":\"https:\/\/schema.org\",\"@graph\":[{\"@type\":\"WebPage\",\"@id\":\"https:\/\/lucie-novakova.cz\/?page_id=2\",\"url\":\"https:\/\/lucie-novakova.cz\/?page_id=2\",\"name\":\"Slu\u017eby - Lucie Nov\u00e1kov\u00e1\",\"isPartOf\":{\"@id\":\"https:\/\/lucie-novakova.cz\/#website\"},\"datePublished\":\"2024-08-22T07:08:06+00:00\",\"dateModified\":\"2025-05-18T03:50:09+00:00\",\"breadcrumb\":{\"@id\":\"https:\/\/lucie-novakova.cz\/?page_id=2#breadcrumb\"},\"inLanguage\":\"cs\",\"potentialAction\":[{\"@type\":\"ReadAction\",\"target\":[\"https:\/\/lucie-novakova.cz\/?page_id=2\"]}]},{\"@type\":\"BreadcrumbList\",\"@id\":\"https:\/\/lucie-novakova.cz\/?page_id=2#breadcrumb\",\"itemListElement\":[{\"@type\":\"ListItem\",\"position\":1,\"name\":\"Home\",\"item\":\"https:\/\/lucie-novakova.cz\/\"},{\"@type\":\"ListItem\",\"position\":2,\"name\":\"Slu\u017eby\"}]},{\"@type\":\"WebSite\",\"@id\":\"https:\/\/lucie-novakova.cz\/#website\",\"url\":\"https:\/\/lucie-novakova.cz\/\",\"name\":\"Lucie Nov\u00e1kov\u00e1\",\"description\":\"\",\"potentialAction\":[{\"@type\":\"SearchAction\",\"target\":{\"@type\":\"EntryPoint\",\"urlTemplate\":\"https:\/\/lucie-novakova.cz\/?s={search_term_string}\"},\"query-input\":{\"@type\":\"PropertyValueSpecification\",\"valueRequired\":true,\"valueName\":\"search_term_string\"}}],\"inLanguage\":\"cs\"}]}<\/script>\n<!-- \/ Yoast SEO plugin. -->","yoast_head_json":{"title":"Slu\u017eby - Lucie Nov\u00e1kov\u00e1","robots":{"index":"index","follow":"follow","max-snippet":"max-snippet:-1","max-image-preview":"max-image-preview:large","max-video-preview":"max-video-preview:-1"},"canonical":"https:\/\/lucie-novakova.cz\/?page_id=2","og_locale":"cs_CZ","og_type":"article","og_title":"Slu\u017eby - Lucie Nov\u00e1kov\u00e1","og_description":"Vyd\u00e1n\u00ed knihy Je va\u0161\u00edm snem vydat knihu? Nev\u00edte, jak se do toho pustit? Boj\u00edte se, \u017ee kniha nebude \u00fasp\u011b\u0161n\u00e1? Vydala jsem 2 \u00fasp\u011b\u0161n\u00e9 kni\u017en\u00ed kucha\u0159ky a dal\u0161\u00ed online kucha\u0159ky. Provedu v\u00e1s cel\u00fdm procesem tvorby, nasd\u00edl\u00edm sv\u00e9 zku\u0161enosti, tipy i cenn\u00e9 kontakty. P\u0159iprav\u00edm p\u0159esn\u00fd pl\u00e1n pro va\u0161i knihu, aby byla co nejlep\u0161\u00ed po obsahov\u00e9 i vizu\u00e1ln\u00ed [&hellip;]","og_url":"https:\/\/lucie-novakova.cz\/?page_id=2","og_site_name":"Lucie Nov\u00e1kov\u00e1","article_modified_time":"2025-05-18T03:50:09+00:00","twitter_card":"summary_large_image","twitter_misc":{"Odhadovan\u00e1 doba \u010dten\u00ed":"2 minuty"},"schema":{"@context":"https:\/\/schema.org","@graph":[{"@type":"WebPage","@id":"https:\/\/lucie-novakova.cz\/?page_id=2","url":"https:\/\/lucie-novakova.cz\/?page_id=2","name":"Slu\u017eby - Lucie Nov\u00e1kov\u00e1","isPartOf":{"@id":"https:\/\/lucie-novakova.cz\/#website"},"datePublished":"2024-08-22T07:08:06+00:00","dateModified":"2025-05-18T03:50:09+00:00","breadcrumb":{"@id":"https:\/\/lucie-novakova.cz\/?page_id=2#breadcrumb"},"inLanguage":"cs","potentialAction":[{"@type":"ReadAction","target":["https:\/\/lucie-novakova.cz\/?page_id=2"]}]},{"@type":"BreadcrumbList","@id":"https:\/\/lucie-novakova.cz\/?page_id=2#breadcrumb","itemListElement":[{"@type":"ListItem","position":1,"name":"Home","item":"https:\/\/lucie-novakova.cz\/"},{"@type":"ListItem","position":2,"name":"Slu\u017eby"}]},{"@type":"WebSite","@id":"https:\/\/lucie-novakova.cz\/#website","url":"https:\/\/lucie-novakova.cz\/","name":"Lucie Nov\u00e1kov\u00e1","description":"","potentialAction":[{"@type":"SearchAction","target":{"@type":"EntryPoint","urlTemplate":"https:\/\/lucie-novakova.cz\/?s={search_term_string}"},"query-input":{"@type":"PropertyValueSpecification","valueRequired":true,"valueName":"search_term_string"}}],"inLanguage":"cs"}]}},"_links":{"self":[{"href":"https:\/\/lucie-novakova.cz\/index.php?rest_route=\/wp\/v2\/pages\/2"}],"collection":[{"href":"https:\/\/lucie-novakova.cz\/index.php?rest_route=\/wp\/v2\/pages"}],"about":[{"href":"https:\/\/lucie-novakova.cz\/index.php?rest_route=\/wp\/v2\/types\/page"}],"author":[{"embeddable":true,"href":"https:\/\/lucie-novakova.cz\/index.php?rest_route=\/wp\/v2\/users\/1"}],"replies":[{"embeddable":true,"href":"https:\/\/lucie-novakova.cz\/index.php?rest_route=%2Fwp%2Fv2%2Fcomments&post=2"}],"version-history":[{"count":4,"href":"https:\/\/lucie-novakova.cz\/index.php?rest_route=\/wp\/v2\/pages\/2\/revisions"}],"predecessor-version":[{"id":116,"href":"https:\/\/lucie-novakova.cz\/index.php?rest_route=\/wp\/v2\/pages\/2\/revisions\/116"}],"wp:attachment":[{"href":"https:\/\/lucie-novakova.cz\/index.php?rest_route=%2Fwp%2Fv2%2Fmedia&parent=2"}],"curies":[{"name":"wp","href":"https:\/\/api.w.org\/{rel}","templated":true}]}}