{"id":58,"date":"2024-09-02T10:34:34","date_gmt":"2024-09-02T08:34:34","guid":{"rendered":"http:\/\/lucie-novakova.cz\/?page_id=58"},"modified":"2025-05-18T05:46:14","modified_gmt":"2025-05-18T03:46:14","slug":"cenik","status":"publish","type":"page","link":"https:\/\/lucie-novakova.cz\/?page_id=58","title":{"rendered":"Cen\u00edk"},"content":{"rendered":"\n<h3 class=\"wp-block-heading\"><strong>Vyd\u00e1n\u00ed knihy<\/strong><\/h3>\n\n\n\n<p><strong>\u00davodn\u00ed konzultace v rozsahu 2 hodiny<\/strong> | 5 000 K\u010d<br><em>V p\u0159\u00edpad\u011b dlouhodob\u00e9 spolupr\u00e1ce je tato konzultace zdarma<\/em><\/p>\n\n\n\n<p><strong>Dlouhodob\u00e1 spolupr\u00e1ce a p\u0159\u00edprava p\u0159esn\u00e9ho pl\u00e1nu pro va\u0161i knihu<\/strong> | nez\u00e1vaznou nab\u00eddku p\u0159iprav\u00edm po \u00favodn\u00ed konzultaci&nbsp;<\/p>\n\n\n\n<h3 class=\"wp-block-heading\"><strong>Kampan\u011b&nbsp;<\/strong><\/h3>\n\n\n\n<p>Z\u00e1le\u017e\u00ed na typu v\u00fdstup\u016f, kter\u00e9 spolu domluv\u00edme. Nejrad\u011bji p\u0159ipravuju klient\u016fm <strong>bal\u00ed\u010dek<\/strong>, kter\u00fd obsahuje ve\u0161ker\u00e9 texty ke kampani, recepty, Stories, Reels, fotografie i pro dal\u0161\u00ed vyu\u017eit\u00ed, uve\u0159ejn\u011bn\u00ed na m\u00e9m blogu.<\/p>\n\n\n\n<p>Takov\u00e1 <strong>jednor\u00e1zov\u00e1 spolupr\u00e1ce<\/strong> za\u010d\u00edn\u00e1 na 25 000 K\u010d. <\/p>\n\n\n\n<h3 class=\"wp-block-heading\"><strong>\u010cl\u00e1nky, blog a newslettery<\/strong><\/h3>\n\n\n\n<p><strong>Jednor\u00e1zov\u00e9 \u010dl\u00e1nky (v\u010detn\u011b fotografi\u00ed) <\/strong>| od 5 000 K\u010d\u00a0<\/p>\n\n\n\n<p><strong>Pravideln\u00e9 p\u0159isp\u00edv\u00e1n\u00ed na v\u00e1\u0161 blog, do magaz\u00ednu (v\u010detn\u011b fotografi\u00ed)\u00a0<\/strong>| od 4 000 K\u010d za \u010dl\u00e1nek<\/p>\n\n\n\n<p><strong>Newsletter<\/strong> | z\u00e1le\u017e\u00ed na rozsahu, komplexnosti t\u00e9matu, pravidelnosti (v\u010detn\u011b fotografi\u00ed) | od 4 000 K\u010d&nbsp;<\/p>\n\n\n\n<h3 class=\"wp-block-heading\"><strong>Instagram<\/strong><\/h3>\n\n\n\n<p>Preferuju pravideln\u00e9 a dlouhodob\u00e9 spolupr\u00e1ce. Jednor\u00e1zov\u00e9 spolupr\u00e1ce p\u0159ij\u00edm\u00e1m v\u00fdjime\u010dn\u011b. <\/p>\n\n\n\n<p>Z\u00e1le\u017e\u00ed na typu v\u00fdstup\u016f, kter\u00e9 spolu domluv\u00edme. Nejrad\u011bji p\u0159ipravuju klient\u016fm <strong>bal\u00ed\u010dek<\/strong>, kter\u00fd obsahuje ve\u0161ker\u00e9 texty ke kampani, recepty, Stories, Reels, fotografie i pro dal\u0161\u00ed vyu\u017eit\u00ed, uve\u0159ejn\u011bn\u00ed na m\u00e9m blogu.<\/p>\n\n\n\n<p>Takov\u00e1 <strong>jednor\u00e1zov\u00e1 spolupr\u00e1ce<\/strong> za\u010d\u00edn\u00e1 na 25 000 K\u010d. <\/p>\n\n\n\n<h3 class=\"wp-block-heading\"><strong>Food a produktov\u00e9 fotografie<\/strong><\/h3>\n\n\n\n<p><strong>Bal\u00ed\u010dek 10 produktov\u00fdch fotografi\u00ed<\/strong> | od 4 000 K\u010d<\/p>\n\n\n\n<p><strong>Bal\u00ed\u010dek 10 receptov\u00fdch fotografi\u00ed s va\u0161\u00edm produktem<\/strong> | od 6 000 K\u010d\u00a0<\/p>\n\n\n\n<h3 class=\"wp-block-heading\"><strong>Konzultace a mentoring<\/strong><\/h3>\n\n\n\n<p><strong>\u00davodn\u00ed konzultace <\/strong>| zdarma<\/p>\n\n\n\n<p><strong>Dlouhodob\u00e1 spolupr\u00e1ce<\/strong> | nez\u00e1vaznou nab\u00eddku p\u0159iprav\u00edm po \u00favodn\u00ed konzultaci&nbsp;<\/p>\n\n\n\n<hr class=\"wp-block-separator has-alpha-channel-opacity\"\/>\n\n\n\n<p>Chcete se mnou spolupracovat nebo m\u00e1te dopl\u0148uj\u00edc\u00ed ot\u00e1zky? Ozv\u011bte se mi na <strong>napismi@lucie-novakova.cz<\/strong><\/p>\n\n\n\n<p><\/p>\n","protected":false},"excerpt":{"rendered":"<p>Vyd\u00e1n\u00ed knihy \u00davodn\u00ed konzultace v rozsahu 2 hodiny | 5 000 K\u010dV p\u0159\u00edpad\u011b dlouhodob\u00e9 spolupr\u00e1ce je tato konzultace zdarma Dlouhodob\u00e1 spolupr\u00e1ce a p\u0159\u00edprava p\u0159esn\u00e9ho pl\u00e1nu pro va\u0161i knihu | nez\u00e1vaznou nab\u00eddku p\u0159iprav\u00edm po \u00favodn\u00ed konzultaci&nbsp; Kampan\u011b&nbsp; Z\u00e1le\u017e\u00ed na typu v\u00fdstup\u016f, kter\u00e9 spolu domluv\u00edme. Nejrad\u011bji p\u0159ipravuju klient\u016fm bal\u00ed\u010dek, kter\u00fd obsahuje ve\u0161ker\u00e9 texty ke kampani, recepty, Stories, [&hellip;]<\/p>\n","protected":false},"author":1,"featured_media":0,"parent":0,"menu_order":0,"comment_status":"closed","ping_status":"closed","template":"","meta":{"_monsterinsights_skip_tracking":false,"_monsterinsights_sitenote_active":false,"_monsterinsights_sitenote_note":"","_monsterinsights_sitenote_category":0,"_themeisle_gutenberg_block_has_review":false,"footnotes":""},"class_list":["post-58","page","type-page","status-publish","hentry"],"yoast_head":"<!-- This site is optimized with the Yoast SEO plugin v25.1 - https:\/\/yoast.com\/wordpress\/plugins\/seo\/ -->\n<title>Cen\u00edk - Lucie Nov\u00e1kov\u00e1<\/title>\n<meta name=\"robots\" content=\"index, follow, max-snippet:-1, max-image-preview:large, max-video-preview:-1\" \/>\n<link rel=\"canonical\" href=\"https:\/\/lucie-novakova.cz\/?page_id=58\" \/>\n<meta property=\"og:locale\" content=\"cs_CZ\" \/>\n<meta property=\"og:type\" content=\"article\" \/>\n<meta property=\"og:title\" content=\"Cen\u00edk - Lucie Nov\u00e1kov\u00e1\" \/>\n<meta property=\"og:description\" content=\"Vyd\u00e1n\u00ed knihy \u00davodn\u00ed konzultace v rozsahu 2 hodiny | 5 000 K\u010dV p\u0159\u00edpad\u011b dlouhodob\u00e9 spolupr\u00e1ce je tato konzultace zdarma Dlouhodob\u00e1 spolupr\u00e1ce a p\u0159\u00edprava p\u0159esn\u00e9ho pl\u00e1nu pro va\u0161i knihu | nez\u00e1vaznou nab\u00eddku p\u0159iprav\u00edm po \u00favodn\u00ed konzultaci&nbsp; Kampan\u011b&nbsp; Z\u00e1le\u017e\u00ed na typu v\u00fdstup\u016f, kter\u00e9 spolu domluv\u00edme. Nejrad\u011bji p\u0159ipravuju klient\u016fm bal\u00ed\u010dek, kter\u00fd obsahuje ve\u0161ker\u00e9 texty ke kampani, recepty, Stories, [&hellip;]\" \/>\n<meta property=\"og:url\" content=\"https:\/\/lucie-novakova.cz\/?page_id=58\" \/>\n<meta property=\"og:site_name\" content=\"Lucie Nov\u00e1kov\u00e1\" \/>\n<meta property=\"article:modified_time\" content=\"2025-05-18T03:46:14+00:00\" \/>\n<meta name=\"twitter:card\" content=\"summary_large_image\" \/>\n<meta name=\"twitter:label1\" content=\"Odhadovan\u00e1 doba \u010dten\u00ed\" \/>\n\t<meta name=\"twitter:data1\" content=\"2 minuty\" \/>\n<script type=\"application\/ld+json\" class=\"yoast-schema-graph\">{\"@context\":\"https:\/\/schema.org\",\"@graph\":[{\"@type\":\"WebPage\",\"@id\":\"https:\/\/lucie-novakova.cz\/?page_id=58\",\"url\":\"https:\/\/lucie-novakova.cz\/?page_id=58\",\"name\":\"Cen\u00edk - Lucie Nov\u00e1kov\u00e1\",\"isPartOf\":{\"@id\":\"https:\/\/lucie-novakova.cz\/#website\"},\"datePublished\":\"2024-09-02T08:34:34+00:00\",\"dateModified\":\"2025-05-18T03:46:14+00:00\",\"breadcrumb\":{\"@id\":\"https:\/\/lucie-novakova.cz\/?page_id=58#breadcrumb\"},\"inLanguage\":\"cs\",\"potentialAction\":[{\"@type\":\"ReadAction\",\"target\":[\"https:\/\/lucie-novakova.cz\/?page_id=58\"]}]},{\"@type\":\"BreadcrumbList\",\"@id\":\"https:\/\/lucie-novakova.cz\/?page_id=58#breadcrumb\",\"itemListElement\":[{\"@type\":\"ListItem\",\"position\":1,\"name\":\"Home\",\"item\":\"https:\/\/lucie-novakova.cz\/\"},{\"@type\":\"ListItem\",\"position\":2,\"name\":\"Cen\u00edk\"}]},{\"@type\":\"WebSite\",\"@id\":\"https:\/\/lucie-novakova.cz\/#website\",\"url\":\"https:\/\/lucie-novakova.cz\/\",\"name\":\"Lucie Nov\u00e1kov\u00e1\",\"description\":\"\",\"potentialAction\":[{\"@type\":\"SearchAction\",\"target\":{\"@type\":\"EntryPoint\",\"urlTemplate\":\"https:\/\/lucie-novakova.cz\/?s={search_term_string}\"},\"query-input\":{\"@type\":\"PropertyValueSpecification\",\"valueRequired\":true,\"valueName\":\"search_term_string\"}}],\"inLanguage\":\"cs\"}]}<\/script>\n<!-- \/ Yoast SEO plugin. -->","yoast_head_json":{"title":"Cen\u00edk - Lucie Nov\u00e1kov\u00e1","robots":{"index":"index","follow":"follow","max-snippet":"max-snippet:-1","max-image-preview":"max-image-preview:large","max-video-preview":"max-video-preview:-1"},"canonical":"https:\/\/lucie-novakova.cz\/?page_id=58","og_locale":"cs_CZ","og_type":"article","og_title":"Cen\u00edk - Lucie Nov\u00e1kov\u00e1","og_description":"Vyd\u00e1n\u00ed knihy \u00davodn\u00ed konzultace v rozsahu 2 hodiny | 5 000 K\u010dV p\u0159\u00edpad\u011b dlouhodob\u00e9 spolupr\u00e1ce je tato konzultace zdarma Dlouhodob\u00e1 spolupr\u00e1ce a p\u0159\u00edprava p\u0159esn\u00e9ho pl\u00e1nu pro va\u0161i knihu | nez\u00e1vaznou nab\u00eddku p\u0159iprav\u00edm po \u00favodn\u00ed konzultaci&nbsp; Kampan\u011b&nbsp; Z\u00e1le\u017e\u00ed na typu v\u00fdstup\u016f, kter\u00e9 spolu domluv\u00edme. Nejrad\u011bji p\u0159ipravuju klient\u016fm bal\u00ed\u010dek, kter\u00fd obsahuje ve\u0161ker\u00e9 texty ke kampani, recepty, Stories, [&hellip;]","og_url":"https:\/\/lucie-novakova.cz\/?page_id=58","og_site_name":"Lucie Nov\u00e1kov\u00e1","article_modified_time":"2025-05-18T03:46:14+00:00","twitter_card":"summary_large_image","twitter_misc":{"Odhadovan\u00e1 doba \u010dten\u00ed":"2 minuty"},"schema":{"@context":"https:\/\/schema.org","@graph":[{"@type":"WebPage","@id":"https:\/\/lucie-novakova.cz\/?page_id=58","url":"https:\/\/lucie-novakova.cz\/?page_id=58","name":"Cen\u00edk - Lucie Nov\u00e1kov\u00e1","isPartOf":{"@id":"https:\/\/lucie-novakova.cz\/#website"},"datePublished":"2024-09-02T08:34:34+00:00","dateModified":"2025-05-18T03:46:14+00:00","breadcrumb":{"@id":"https:\/\/lucie-novakova.cz\/?page_id=58#breadcrumb"},"inLanguage":"cs","potentialAction":[{"@type":"ReadAction","target":["https:\/\/lucie-novakova.cz\/?page_id=58"]}]},{"@type":"BreadcrumbList","@id":"https:\/\/lucie-novakova.cz\/?page_id=58#breadcrumb","itemListElement":[{"@type":"ListItem","position":1,"name":"Home","item":"https:\/\/lucie-novakova.cz\/"},{"@type":"ListItem","position":2,"name":"Cen\u00edk"}]},{"@type":"WebSite","@id":"https:\/\/lucie-novakova.cz\/#website","url":"https:\/\/lucie-novakova.cz\/","name":"Lucie Nov\u00e1kov\u00e1","description":"","potentialAction":[{"@type":"SearchAction","target":{"@type":"EntryPoint","urlTemplate":"https:\/\/lucie-novakova.cz\/?s={search_term_string}"},"query-input":{"@type":"PropertyValueSpecification","valueRequired":true,"valueName":"search_term_string"}}],"inLanguage":"cs"}]}},"_links":{"self":[{"href":"https:\/\/lucie-novakova.cz\/index.php?rest_route=\/wp\/v2\/pages\/58"}],"collection":[{"href":"https:\/\/lucie-novakova.cz\/index.php?rest_route=\/wp\/v2\/pages"}],"about":[{"href":"https:\/\/lucie-novakova.cz\/index.php?rest_route=\/wp\/v2\/types\/page"}],"author":[{"embeddable":true,"href":"https:\/\/lucie-novakova.cz\/index.php?rest_route=\/wp\/v2\/users\/1"}],"replies":[{"embeddable":true,"href":"https:\/\/lucie-novakova.cz\/index.php?rest_route=%2Fwp%2Fv2%2Fcomments&post=58"}],"version-history":[{"count":5,"href":"https:\/\/lucie-novakova.cz\/index.php?rest_route=\/wp\/v2\/pages\/58\/revisions"}],"predecessor-version":[{"id":115,"href":"https:\/\/lucie-novakova.cz\/index.php?rest_route=\/wp\/v2\/pages\/58\/revisions\/115"}],"wp:attachment":[{"href":"https:\/\/lucie-novakova.cz\/index.php?rest_route=%2Fwp%2Fv2%2Fmedia&parent=58"}],"curies":[{"name":"wp","href":"https:\/\/api.w.org\/{rel}","templated":true}]}}