{"id":71,"date":"2024-09-02T10:44:30","date_gmt":"2024-09-02T08:44:30","guid":{"rendered":"http:\/\/lucie-novakova.cz\/?page_id=71"},"modified":"2025-04-20T10:17:24","modified_gmt":"2025-04-20T08:17:24","slug":"prubehu-spoluprace","status":"publish","type":"page","link":"https:\/\/lucie-novakova.cz\/?page_id=71","title":{"rendered":"Jak bude fungovat na\u0161e spolupr\u00e1ce?"},"content":{"rendered":"\n<h3 class=\"wp-block-heading\"><strong>1. Napi\u0161te mi<\/strong><\/h3>\n\n\n\n<p>M\u00e1te chu\u0165 se mnou spolupracovat? Napi\u0161te mi na napismi@lucie-novakova.cz. \u010c\u00edm konkr\u00e9tn\u011bj\u0161\u00ed budete, t\u00edm snaz\u0161\u00ed n\u00e1\u0161 za\u010d\u00e1tek spolupr\u00e1ce bude.<\/p>\n\n\n\n<h3 class=\"wp-block-heading\"><strong>2. Ozvu se v\u00e1m<\/strong><\/h3>\n\n\n\n<p>V p\u0159\u00edpad\u011b krat\u0161\u00ed spolupr\u00e1ce zvl\u00e1dneme detaily probrat po emailu a po telefonu. Pokud se jedn\u00e1 o dlouhodob\u00e9 spolupr\u00e1ce, komplikovan\u011bj\u0161\u00ed projekty nebo m\u00e1te v hlav\u011b n\u011bco speci\u00e1ln\u00edho, preferuju osobn\u00ed setk\u00e1n\u00ed nad dobrou k\u00e1vou (p\u0159\u00edpadn\u011b videocall).<\/p>\n\n\n\n<h3 class=\"wp-block-heading\"><strong>3. Po\u0161lu v\u00e1m nab\u00eddku<\/strong><\/h3>\n\n\n\n<p>M\u00e1m r\u00e1da, kdy\u017e je ve v\u011bcech po\u0159\u00e1dek. Sestav\u00edm V\u00e1m jasnou nab\u00eddku, abyste p\u0159esn\u011b v\u011bd\u011bli, co m\u016f\u017eete o\u010dek\u00e1vat, na jak\u00e9 typy v\u00fdstup\u016f se m\u016f\u017eete t\u011b\u0161it a v jak\u00e9m term\u00ednu.<\/p>\n\n\n\n<h3 class=\"wp-block-heading\"><strong>4. Dolad\u00edme detaily a jdeme na v\u011bc<\/strong><\/h3>\n\n\n\n<p>Po schv\u00e1len\u00ed nab\u00eddky se pou\u0161t\u00edm do pr\u00e1ce.&nbsp;<\/p>\n\n\n\n<h3 class=\"wp-block-heading\"><strong>5. Jak\u00e9 to bylo?<\/strong><\/h3>\n\n\n\n<p>Ne\u017e ukon\u010d\u00edme spolupr\u00e1ci, tak v\u00e1m po\u0161lu p\u0159ehled statistik v p\u0159\u00edpad\u011b instagramov\u00e9 spolupr\u00e1ce. Tak\u00e9 pos\u00edl\u00e1m fotografie pro va\u0161e dal\u0161\u00ed vyu\u017eit\u00ed. \u0158ekneme si, jak jste byli spokojeni a co vymysl\u00edme p\u0159\u00ed\u0161t\u011b. Na \u00fapln\u00fd z\u00e1v\u011br zas\u00edl\u00e1m fakturu.<\/p>\n","protected":false},"excerpt":{"rendered":"<p>1. Napi\u0161te mi M\u00e1te chu\u0165 se mnou spolupracovat? Napi\u0161te mi na napismi@lucie-novakova.cz. \u010c\u00edm konkr\u00e9tn\u011bj\u0161\u00ed budete, t\u00edm snaz\u0161\u00ed n\u00e1\u0161 za\u010d\u00e1tek spolupr\u00e1ce bude. 2. Ozvu se v\u00e1m V p\u0159\u00edpad\u011b krat\u0161\u00ed spolupr\u00e1ce zvl\u00e1dneme detaily probrat po emailu a po telefonu. Pokud se jedn\u00e1 o dlouhodob\u00e9 spolupr\u00e1ce, komplikovan\u011bj\u0161\u00ed projekty nebo m\u00e1te v hlav\u011b n\u011bco speci\u00e1ln\u00edho, preferuju osobn\u00ed setk\u00e1n\u00ed nad [&hellip;]<\/p>\n","protected":false},"author":1,"featured_media":0,"parent":0,"menu_order":0,"comment_status":"closed","ping_status":"closed","template":"","meta":{"_monsterinsights_skip_tracking":false,"_monsterinsights_sitenote_active":false,"_monsterinsights_sitenote_note":"","_monsterinsights_sitenote_category":0,"_themeisle_gutenberg_block_has_review":false,"footnotes":""},"class_list":["post-71","page","type-page","status-publish","hentry"],"yoast_head":"<!-- This site is optimized with the Yoast SEO plugin v25.1 - https:\/\/yoast.com\/wordpress\/plugins\/seo\/ -->\n<title>Jak bude fungovat na\u0161e spolupr\u00e1ce? - Lucie Nov\u00e1kov\u00e1<\/title>\n<meta name=\"robots\" content=\"index, follow, max-snippet:-1, max-image-preview:large, max-video-preview:-1\" \/>\n<link rel=\"canonical\" href=\"https:\/\/lucie-novakova.cz\/?page_id=71\" \/>\n<meta property=\"og:locale\" content=\"cs_CZ\" \/>\n<meta property=\"og:type\" content=\"article\" \/>\n<meta property=\"og:title\" content=\"Jak bude fungovat na\u0161e spolupr\u00e1ce? - Lucie Nov\u00e1kov\u00e1\" \/>\n<meta property=\"og:description\" content=\"1. Napi\u0161te mi M\u00e1te chu\u0165 se mnou spolupracovat? Napi\u0161te mi na napismi@lucie-novakova.cz. \u010c\u00edm konkr\u00e9tn\u011bj\u0161\u00ed budete, t\u00edm snaz\u0161\u00ed n\u00e1\u0161 za\u010d\u00e1tek spolupr\u00e1ce bude. 2. Ozvu se v\u00e1m V p\u0159\u00edpad\u011b krat\u0161\u00ed spolupr\u00e1ce zvl\u00e1dneme detaily probrat po emailu a po telefonu. Pokud se jedn\u00e1 o dlouhodob\u00e9 spolupr\u00e1ce, komplikovan\u011bj\u0161\u00ed projekty nebo m\u00e1te v hlav\u011b n\u011bco speci\u00e1ln\u00edho, preferuju osobn\u00ed setk\u00e1n\u00ed nad [&hellip;]\" \/>\n<meta property=\"og:url\" content=\"https:\/\/lucie-novakova.cz\/?page_id=71\" \/>\n<meta property=\"og:site_name\" content=\"Lucie Nov\u00e1kov\u00e1\" \/>\n<meta property=\"article:modified_time\" content=\"2025-04-20T08:17:24+00:00\" \/>\n<meta name=\"twitter:card\" content=\"summary_large_image\" \/>\n<meta name=\"twitter:label1\" content=\"Odhadovan\u00e1 doba \u010dten\u00ed\" \/>\n\t<meta name=\"twitter:data1\" content=\"1 minuta\" \/>\n<script type=\"application\/ld+json\" class=\"yoast-schema-graph\">{\"@context\":\"https:\/\/schema.org\",\"@graph\":[{\"@type\":\"WebPage\",\"@id\":\"https:\/\/lucie-novakova.cz\/?page_id=71\",\"url\":\"https:\/\/lucie-novakova.cz\/?page_id=71\",\"name\":\"Jak bude fungovat na\u0161e spolupr\u00e1ce? - Lucie Nov\u00e1kov\u00e1\",\"isPartOf\":{\"@id\":\"https:\/\/lucie-novakova.cz\/#website\"},\"datePublished\":\"2024-09-02T08:44:30+00:00\",\"dateModified\":\"2025-04-20T08:17:24+00:00\",\"breadcrumb\":{\"@id\":\"https:\/\/lucie-novakova.cz\/?page_id=71#breadcrumb\"},\"inLanguage\":\"cs\",\"potentialAction\":[{\"@type\":\"ReadAction\",\"target\":[\"https:\/\/lucie-novakova.cz\/?page_id=71\"]}]},{\"@type\":\"BreadcrumbList\",\"@id\":\"https:\/\/lucie-novakova.cz\/?page_id=71#breadcrumb\",\"itemListElement\":[{\"@type\":\"ListItem\",\"position\":1,\"name\":\"Home\",\"item\":\"https:\/\/lucie-novakova.cz\/\"},{\"@type\":\"ListItem\",\"position\":2,\"name\":\"Jak bude fungovat na\u0161e spolupr\u00e1ce?\"}]},{\"@type\":\"WebSite\",\"@id\":\"https:\/\/lucie-novakova.cz\/#website\",\"url\":\"https:\/\/lucie-novakova.cz\/\",\"name\":\"Lucie Nov\u00e1kov\u00e1\",\"description\":\"\",\"potentialAction\":[{\"@type\":\"SearchAction\",\"target\":{\"@type\":\"EntryPoint\",\"urlTemplate\":\"https:\/\/lucie-novakova.cz\/?s={search_term_string}\"},\"query-input\":{\"@type\":\"PropertyValueSpecification\",\"valueRequired\":true,\"valueName\":\"search_term_string\"}}],\"inLanguage\":\"cs\"}]}<\/script>\n<!-- \/ Yoast SEO plugin. -->","yoast_head_json":{"title":"Jak bude fungovat na\u0161e spolupr\u00e1ce? - Lucie Nov\u00e1kov\u00e1","robots":{"index":"index","follow":"follow","max-snippet":"max-snippet:-1","max-image-preview":"max-image-preview:large","max-video-preview":"max-video-preview:-1"},"canonical":"https:\/\/lucie-novakova.cz\/?page_id=71","og_locale":"cs_CZ","og_type":"article","og_title":"Jak bude fungovat na\u0161e spolupr\u00e1ce? - Lucie Nov\u00e1kov\u00e1","og_description":"1. Napi\u0161te mi M\u00e1te chu\u0165 se mnou spolupracovat? Napi\u0161te mi na napismi@lucie-novakova.cz. \u010c\u00edm konkr\u00e9tn\u011bj\u0161\u00ed budete, t\u00edm snaz\u0161\u00ed n\u00e1\u0161 za\u010d\u00e1tek spolupr\u00e1ce bude. 2. Ozvu se v\u00e1m V p\u0159\u00edpad\u011b krat\u0161\u00ed spolupr\u00e1ce zvl\u00e1dneme detaily probrat po emailu a po telefonu. Pokud se jedn\u00e1 o dlouhodob\u00e9 spolupr\u00e1ce, komplikovan\u011bj\u0161\u00ed projekty nebo m\u00e1te v hlav\u011b n\u011bco speci\u00e1ln\u00edho, preferuju osobn\u00ed setk\u00e1n\u00ed nad [&hellip;]","og_url":"https:\/\/lucie-novakova.cz\/?page_id=71","og_site_name":"Lucie Nov\u00e1kov\u00e1","article_modified_time":"2025-04-20T08:17:24+00:00","twitter_card":"summary_large_image","twitter_misc":{"Odhadovan\u00e1 doba \u010dten\u00ed":"1 minuta"},"schema":{"@context":"https:\/\/schema.org","@graph":[{"@type":"WebPage","@id":"https:\/\/lucie-novakova.cz\/?page_id=71","url":"https:\/\/lucie-novakova.cz\/?page_id=71","name":"Jak bude fungovat na\u0161e spolupr\u00e1ce? - Lucie Nov\u00e1kov\u00e1","isPartOf":{"@id":"https:\/\/lucie-novakova.cz\/#website"},"datePublished":"2024-09-02T08:44:30+00:00","dateModified":"2025-04-20T08:17:24+00:00","breadcrumb":{"@id":"https:\/\/lucie-novakova.cz\/?page_id=71#breadcrumb"},"inLanguage":"cs","potentialAction":[{"@type":"ReadAction","target":["https:\/\/lucie-novakova.cz\/?page_id=71"]}]},{"@type":"BreadcrumbList","@id":"https:\/\/lucie-novakova.cz\/?page_id=71#breadcrumb","itemListElement":[{"@type":"ListItem","position":1,"name":"Home","item":"https:\/\/lucie-novakova.cz\/"},{"@type":"ListItem","position":2,"name":"Jak bude fungovat na\u0161e spolupr\u00e1ce?"}]},{"@type":"WebSite","@id":"https:\/\/lucie-novakova.cz\/#website","url":"https:\/\/lucie-novakova.cz\/","name":"Lucie Nov\u00e1kov\u00e1","description":"","potentialAction":[{"@type":"SearchAction","target":{"@type":"EntryPoint","urlTemplate":"https:\/\/lucie-novakova.cz\/?s={search_term_string}"},"query-input":{"@type":"PropertyValueSpecification","valueRequired":true,"valueName":"search_term_string"}}],"inLanguage":"cs"}]}},"_links":{"self":[{"href":"https:\/\/lucie-novakova.cz\/index.php?rest_route=\/wp\/v2\/pages\/71"}],"collection":[{"href":"https:\/\/lucie-novakova.cz\/index.php?rest_route=\/wp\/v2\/pages"}],"about":[{"href":"https:\/\/lucie-novakova.cz\/index.php?rest_route=\/wp\/v2\/types\/page"}],"author":[{"embeddable":true,"href":"https:\/\/lucie-novakova.cz\/index.php?rest_route=\/wp\/v2\/users\/1"}],"replies":[{"embeddable":true,"href":"https:\/\/lucie-novakova.cz\/index.php?rest_route=%2Fwp%2Fv2%2Fcomments&post=71"}],"version-history":[{"count":2,"href":"https:\/\/lucie-novakova.cz\/index.php?rest_route=\/wp\/v2\/pages\/71\/revisions"}],"predecessor-version":[{"id":85,"href":"https:\/\/lucie-novakova.cz\/index.php?rest_route=\/wp\/v2\/pages\/71\/revisions\/85"}],"wp:attachment":[{"href":"https:\/\/lucie-novakova.cz\/index.php?rest_route=%2Fwp%2Fv2%2Fmedia&parent=71"}],"curies":[{"name":"wp","href":"https:\/\/api.w.org\/{rel}","templated":true}]}}